{"id":14,"date":"2019-12-30T22:41:07","date_gmt":"2019-12-30T22:41:07","guid":{"rendered":"http:\/\/gokcebilgisayar.com\/?page_id=14"},"modified":"2020-01-09T21:44:01","modified_gmt":"2020-01-09T21:44:01","slug":"ana-sayfa","status":"publish","type":"page","link":"https:\/\/gokcebilgisayar.com\/","title":{"rendered":""},"content":{"rendered":"\r\n<p>&nbsp;<\/p>\r\n<p style=\"text-align: center;\">Ho\u015fgeldiniz?<\/p>\r\n<p style=\"text-align: center;\">Pek yak\u0131nda burada olaca\u011f\u0131z.<\/p>\r\n","protected":false},"excerpt":{"rendered":"<p>&nbsp; Ho\u015fgeldiniz? Pek yak\u0131nda burada olaca\u011f\u0131z.<\/p>\n","protected":false},"author":1,"featured_media":0,"parent":0,"menu_order":0,"comment_status":"closed","ping_status":"closed","template":"","meta":{"footnotes":""},"class_list":["post-14","page","type-page","status-publish","hentry"],"_links":{"self":[{"href":"https:\/\/gokcebilgisayar.com\/index.php\/wp-json\/wp\/v2\/pages\/14","targetHints":{"allow":["GET"]}}],"collection":[{"href":"https:\/\/gokcebilgisayar.com\/index.php\/wp-json\/wp\/v2\/pages"}],"about":[{"href":"https:\/\/gokcebilgisayar.com\/index.php\/wp-json\/wp\/v2\/types\/page"}],"author":[{"embeddable":true,"href":"https:\/\/gokcebilgisayar.com\/index.php\/wp-json\/wp\/v2\/users\/1"}],"replies":[{"embeddable":true,"href":"https:\/\/gokcebilgisayar.com\/index.php\/wp-json\/wp\/v2\/comments?post=14"}],"version-history":[{"count":8,"href":"https:\/\/gokcebilgisayar.com\/index.php\/wp-json\/wp\/v2\/pages\/14\/revisions"}],"predecessor-version":[{"id":60,"href":"https:\/\/gokcebilgisayar.com\/index.php\/wp-json\/wp\/v2\/pages\/14\/revisions\/60"}],"wp:attachment":[{"href":"https:\/\/gokcebilgisayar.com\/index.php\/wp-json\/wp\/v2\/media?parent=14"}],"curies":[{"name":"wp","href":"https:\/\/api.w.org\/{rel}","templated":true}]}}